{"id":3325,"date":"2015-07-01T19:50:39","date_gmt":"2015-07-01T17:50:39","guid":{"rendered":"https:\/\/tradelex.com\/contact-us\/"},"modified":"2026-03-30T13:26:32","modified_gmt":"2026-03-30T11:26:32","slug":"contact-us","status":"publish","type":"page","link":"https:\/\/tradelex.com\/en\/contact-us\/","title":{"rendered":"Contact us"},"content":{"rendered":"<p><div class=\"fusion-fullwidth fullwidth-box fusion-builder-row-1 has-pattern-background has-mask-background nonhundred-percent-fullwidth non-hundred-percent-height-scrolling\" style=\"--awb-background-position:left top;--awb-border-sizes-top:0px;--awb-border-sizes-bottom:0px;--awb-border-sizes-left:0px;--awb-border-sizes-right:0px;--awb-border-radius-top-left:0px;--awb-border-radius-top-right:0px;--awb-border-radius-bottom-right:0px;--awb-border-radius-bottom-left:0px;--awb-padding-top:0px;--awb-padding-bottom:0px;--awb-flex-wrap:wrap;\" ><div class=\"fusion-builder-row fusion-row\"><div class=\"fusion-layout-column fusion_builder_column fusion-builder-column-0 fusion_builder_column_1_1 1_1 fusion-one-full fusion-column-first fusion-column-last fusion-column-no-min-height\" style=\"--awb-bg-size:cover;--awb-margin-bottom:0px;\"><div class=\"fusion-column-wrapper fusion-flex-column-wrapper-legacy\"><div class=\"fusion-sep-clear\"><\/div><div class=\"fusion-separator fusion-full-width-sep\" style=\"margin-left: auto;margin-right: auto;width:100%;\"><div class=\"fusion-separator-border sep-single sep-solid\" style=\"--awb-height:20px;--awb-amount:20px;--awb-sep-color:#cc0600;border-color:#cc0600;border-top-width:5px;\"><\/div><\/div><div class=\"fusion-sep-clear\"><\/div>\t\t\t\t\t<div class=\"fusion-slider-container fusion-slider-sc-law-contact fusion-slider-136 full-width-slider\" style=\"height:300px; max-width:100%;\" data-id=\"136\" data-full_height=\"\">\n\t\t\t\t\t\t<style type=\"text\/css\">.fusion-slider-136 .flex-direction-nav a {width:63px;height:63px;line-height:63px;font-size:25px;}<\/style>\t\t\t\t\t\t<div class=\"fusion-slider-loading\">Loading...<\/div>\n\t\t\t\t\t\t<div class=\"tfs-slider flexslider main-flex full-width-slider\" data-slider_width=\"100%\" data-slider_height=\"300px\" data-full_screen=\"\" data-nav_box_width=\"63px\" data-nav_box_height=\"63px\" data-nav_arrow_size=\"25px\" style=\"max-width:100%;\">\n\t\t\t\t\t\t\t<ul class=\"slides\">\n\t\t\t\t\t\t\t\t\t\t\t\t\t\t\t\t\t<li data-mute=\"yes\" data-loop=\"yes\" data-autoplay=\"yes\">\n\t\t\t\t\t\t\t\t\t\t<div class=\"slide-content-container slide-content-center\" style=\"display: none;\">\n\t\t\t\t\t\t\t\t\t\t\t<div class=\"slide-content\" style=\"\">\n\t\t\t\t\t\t\t\t\t\t\t\t\t\t\t\t\t\t\t\t\t\t\t\t\t<div class=\"heading \">\n\t\t\t\t\t\t\t\t\t\t\t\t\t\t<div class=\"fusion-title-sc-wrapper\" style=\"\">\n\t\t\t\t\t\t\t\t\t\t\t\t\t\t\t<div class=\"fusion-title title fusion-title-1 fusion-sep-none fusion-title-center fusion-title-text fusion-title-size-two\" style=\"--awb-text-color:#fff;--awb-margin-top-small:0px;--awb-margin-right-small:0px;--awb-margin-bottom-small:20px;--awb-margin-left-small:0px;--awb-sep-color:#fff;--awb-font-size:36px;\"><h2 class=\"fusion-title-heading title-heading-center\" style=\"margin:0;font-size:1em;line-height:43.2px;\">GET IN TOUCH\r\n<div class=\"fusion-sep-clear\"><\/div><div class=\"fusion-separator\" style=\"margin-left: auto;margin-right: auto;margin-top:20px;margin-bottom:10px;width:100%;max-width:170px;\"><div class=\"fusion-separator-border sep-single sep-solid\" style=\"--awb-height:20px;--awb-amount:20px;--awb-sep-color:rgba(255,255,255,.3);border-color:rgba(255,255,255,.3);border-top-width:1px;\"><\/div><\/div><div class=\"fusion-sep-clear\"><\/div><\/h2><\/div>\t\t\t\t\t\t\t\t\t\t\t\t\t\t<\/div>\n\t\t\t\t\t\t\t\t\t\t\t\t\t<\/div>\n\t\t\t\t\t\t\t\t\t\t\t\t\t\t\t\t\t\t\t\t\t\t\t\t\t\t\t\t\t\t\t\t\t\t\t\t\t<div class=\"caption \">\n\t\t\t\t\t\t\t\t\t\t\t\t\t\t<div class=\"fusion-title-sc-wrapper\" style=\"\">\n\t\t\t\t\t\t\t\t\t\t\t\t\t\t\t<div class=\"fusion-title title fusion-title-2 fusion-sep-none fusion-title-center fusion-title-text fusion-title-size-three\" style=\"--awb-text-color:#fff;--awb-margin-top-small:0px;--awb-margin-right-small:0px;--awb-margin-bottom-small:20px;--awb-margin-left-small:0px;--awb-sep-color:#fff;--awb-font-size:18px;\"><h3 class=\"fusion-title-heading title-heading-center\" style=\"margin:0;font-size:1em;line-height:21.6px;\"><span style=\"font-weight: 400;\">We are specialists<\/span><\/h3><\/div>\t\t\t\t\t\t\t\t\t\t\t\t\t\t<\/div>\n\t\t\t\t\t\t\t\t\t\t\t\t\t<\/div>\n\t\t\t\t\t\t\t\t\t\t\t\t\t\t\t\t\t\t\t\t\t\t\t\t\t\t\t\t\t\t\t\t\t\t\t<\/div>\n\t\t\t\t\t\t\t\t\t\t<\/div>\n\t\t\t\t\t\t\t\t\t\t\t\t\t\t\t\t\t\t\t\t\t\t\t\t\t\t\t\t\t\t\t\t\t\t\t\t\t\t\t\t<div class=\"background background-image\" style=\"background-image: url(https:\/\/tradelex.com\/wp-content\/uploads\/2015\/02\/avada-who-we-are-header.jpg);max-width:100%;height:300px;filter: progid:DXImageTransform.Microsoft.AlphaImageLoader(src='https:\/\/tradelex.com\/wp-content\/uploads\/2015\/02\/avada-who-we-are-header.jpg', sizingMethod='scale');\" data-imgwidth=\"1950\">\n\t\t\t\t\t\t\t\t\t\t\t\t\t\t\t\t\t\t\t\t\t\t\t\t\t\t\t\t\t\t\t\t\t\t\t\t\t\t\t\t\t\t\t\t\t\t\t\t\t\t\t\t\t\t\t\t\t\t\t\t\t\t\t\t\t\t<\/div>\n\t\t\t\t\t\t\t\t\t<\/li>\n\t\t\t\t\t\t\t\t\t\t\t\t\t\t\t\t\t\t\t\t\t\t\t<\/ul>\n\t\t\t\t\t\t<\/div>\n\t\t\t\t\t<\/div>\n\t\t\t\t\t\t\t\t<div class=\"fusion-clearfix\"><\/div><\/div><\/div><div class=\"fusion-layout-column fusion_builder_column fusion-builder-column-1 fusion_builder_column_1_1 1_1 fusion-one-full fusion-column-first fusion-column-last green-border rounded-border\" style=\"--awb-padding-top:55px;--awb-padding-right:60px;--awb-padding-bottom:20px;--awb-padding-left:60px;--awb-bg-color:#ffffff;--awb-bg-color-hover:#ffffff;--awb-bg-size:cover;--awb-border-color:#e2e2e2;--awb-border-top:1px;--awb-border-right:1px;--awb-border-bottom:1px;--awb-border-left:1px;--awb-border-style:solid;\"><div class=\"fusion-column-wrapper fusion-flex-column-wrapper-legacy\"><div class=\"fusion-content-boxes content-boxes columns row fusion-columns-4 fusion-columns-total-4 fusion-content-boxes-1 content-boxes-icon-on-top content-left\" style=\"--awb-iconcolor:#3b4251;--awb-margin-bottom:20px;--awb-hover-accent-color:#e10707;--awb-circle-hover-accent-color:transparent;\" data-animationOffset=\"top-into-view\"><div style=\"--awb-backgroundcolor:rgba(255,255,255,0);--awb-iconcolor:#3b4251;\" class=\"fusion-column content-box-column content-box-column content-box-column-1 col-lg-3 col-md-3 col-sm-3 fusion-content-box-hover content-box-column-first-in-row\"><div class=\"col content-box-wrapper content-wrapper link-area-box icon-hover-animation-slide\" data-animationOffset=\"top-into-view\"><div class=\"heading heading-with-icon icon-left\"><div class=\"icon\"><i style=\"background-color:transparent;border-color:transparent;height:auto;width: 44px;line-height:normal;font-size:44px;\" aria-hidden=\"true\" class=\"fontawesome-icon fa-clock far circle-no\"><\/i><\/div><h2 class=\"content-box-heading\" style=\"--h2_typography-font-size:18px;line-height:23px;\">Opening hours<\/h2><\/div><div class=\"fusion-clearfix\"><\/div><div class=\"content-container\">\n<p style=\"text-align: center;\">\u00a09:30 -14:00\u00a0| 16:00 &#8211; 19:00<\/p>\n<\/div><\/div><\/div><div style=\"--awb-backgroundcolor:rgba(255,255,255,0);--awb-iconcolor:#3b4251;\" class=\"fusion-column content-box-column content-box-column content-box-column-2 col-lg-3 col-md-3 col-sm-3 fusion-content-box-hover \"><div class=\"col content-box-wrapper content-wrapper link-area-box icon-hover-animation-slide\" data-animationOffset=\"top-into-view\"><div class=\"heading heading-with-icon icon-left\"><div class=\"icon\"><i style=\"background-color:transparent;border-color:transparent;height:auto;width: 44px;line-height:normal;font-size:44px;\" aria-hidden=\"true\" class=\"fontawesome-icon fa-home fas circle-no\"><\/i><\/div><h2 class=\"content-box-heading\" style=\"--h2_typography-font-size:18px;line-height:23px;\">Address<\/h2><\/div><div class=\"fusion-clearfix\"><\/div><div class=\"content-container\">\n<p style=\"text-align: center;\">C\/ Barroeta Aldamar 4-6\u00ba Dep. 61, 48001 Bilbao, Bizkaia (Spain)<strong><a href=\"https:\/\/www.google.com\/maps\/place\/Tradelex+Abogados\/@43.2633013,-2.9285622,17z\/data=!3m1!4b1!4m5!3m4!1s0xd4e4fc55fd1e2d1:0x31de55665fdaa667!8m2!3d43.2633013!4d-2.9263735\"> \u21d2<\/a><a href=\"https:\/\/www.google.com\/maps\/place\/Tradelex+Abogados\/@43.2633013,-2.9285622,17z\/data=!3m1!4b1!4m5!3m4!1s0xd4e4fc55fd1e2d1:0x31de55665fdaa667!8m2!3d43.2633013!4d-2.9263735\">Google Maps <\/a><\/strong><\/p>\n<\/div><\/div><\/div><div style=\"--awb-backgroundcolor:rgba(255,255,255,0);--awb-iconcolor:#3b4251;\" class=\"fusion-column content-box-column content-box-column content-box-column-3 col-lg-3 col-md-3 col-sm-3 fusion-content-box-hover \"><div class=\"col content-box-wrapper content-wrapper link-area-box icon-hover-animation-slide\" data-animationOffset=\"top-into-view\"><div class=\"heading heading-with-icon icon-left\"><div class=\"icon\"><i style=\"background-color:transparent;border-color:transparent;height:auto;width: 44px;line-height:normal;font-size:44px;\" aria-hidden=\"true\" class=\"fontawesome-icon fa-phone fas circle-no\"><\/i><\/div><h2 class=\"content-box-heading\" style=\"--h2_typography-font-size:18px;line-height:23px;\">Phone\/Fax<\/h2><\/div><div class=\"fusion-clearfix\"><\/div><div class=\"content-container\">\n<p style=\"text-align: center;\">\u00a0 \u00a0 Tel: (+34) 944 055 838 \u00a0\u00a0 Fax: (+34) 944 34 38 40<\/p>\n<\/div><\/div><\/div><div style=\"--awb-backgroundcolor:rgba(255,255,255,0);--awb-iconcolor:#3b4251;\" class=\"fusion-column content-box-column content-box-column content-box-column-4 col-lg-3 col-md-3 col-sm-3 fusion-content-box-hover content-box-column-last content-box-column-last-in-row\"><div class=\"col content-box-wrapper content-wrapper link-area-box icon-hover-animation-slide\" data-animationOffset=\"top-into-view\"><div class=\"heading heading-with-icon icon-left\"><div class=\"icon\"><i style=\"background-color:transparent;border-color:transparent;height:auto;width: 44px;line-height:normal;font-size:44px;\" aria-hidden=\"true\" class=\"fontawesome-icon fa-envelope far circle-no\"><\/i><\/div><h2 class=\"content-box-heading\" style=\"--h2_typography-font-size:18px;line-height:23px;\">Email<\/h2><\/div><div class=\"fusion-clearfix\"><\/div><div class=\"content-container\">\n<p style=\"text-align: center;\">info@tradelex.com<\/p>\n<\/div><\/div><\/div><div class=\"fusion-clearfix\"><\/div><\/div><div class=\"fusion-clearfix\"><\/div><\/div><\/div><\/div><\/div><div class=\"fusion-bg-parallax\" data-bg-align=\"left top\" data-direction=\"up\" data-mute=\"false\" data-opacity=\"100\" data-velocity=\"-0.4\" data-mobile-enabled=\"false\" data-break_parents=\"0\" data-bg-image=\"https:\/\/tradelex.com\/wp-content\/uploads\/2015\/02\/banner-home.jpg\" data-bg-repeat=\"false\" data-bg-color=\"#2b313c\" ><\/div><div class=\"fusion-fullwidth fullwidth-box fusion-builder-row-2 fusion-parallax-up nonhundred-percent-fullwidth non-hundred-percent-height-scrolling lazyload\" style=\"--awb-background-position:left top;--awb-border-sizes-top:0px;--awb-border-sizes-bottom:0px;--awb-border-sizes-left:0px;--awb-border-sizes-right:0px;--awb-border-radius-top-left:0px;--awb-border-radius-top-right:0px;--awb-border-radius-bottom-right:0px;--awb-border-radius-bottom-left:0px;--awb-padding-top:110px;--awb-padding-bottom:85px;--awb-background-color:#2b313c;--awb-background-size:cover;--awb-flex-wrap:wrap;\" data-bg=\"https:\/\/tradelex.com\/wp-content\/uploads\/2015\/02\/banner-home.jpg\" ><div class=\"fusion-builder-row fusion-row\"><div class=\"fusion-layout-column fusion_builder_column fusion-builder-column-2 fusion_builder_column_1_3 1_3 fusion-one-third fusion-column-first\" style=\"--awb-bg-size:cover;width:30.6666%; margin-right: 4%;\"><div class=\"fusion-column-wrapper fusion-flex-column-wrapper-legacy\"><div class=\"fusion-text fusion-text-1\"><h3><span style=\"color: #ffffff;\">MAKE YOUR ENQUIRY<\/span><\/h3>\n<p><span style=\"color: #ffffff;\"><em>Get in touch with specialist lawyers<\/em><\/span><\/p>\n<\/div><div class=\"fusion-sep-clear\"><\/div><div class=\"fusion-separator fusion-full-width-sep\" style=\"margin-left: auto;margin-right: auto;margin-top:40px;width:100%;\"><\/div><div class=\"fusion-sep-clear\"><\/div><div class=\"fusion-social-links fusion-social-links-1\" style=\"--awb-margin-top:0px;--awb-margin-right:0px;--awb-margin-bottom:0px;--awb-margin-left:0px;--awb-box-border-top:0px;--awb-box-border-right:0px;--awb-box-border-bottom:0px;--awb-box-border-left:0px;--awb-icon-colors-hover:rgba(255,255,255,0.8);--awb-box-colors-hover:rgba(206,206,206,0.8);--awb-box-border-color:var(--awb-color3);--awb-box-border-color-hover:var(--awb-color4);\"><div class=\"fusion-social-networks boxed-icons color-type-custom\"><div class=\"fusion-social-networks-wrapper\"><a class=\"fusion-social-network-icon fusion-tooltip fusion-twitter awb-icon-twitter\" style=\"color:#ffffff;font-size:14px;width:14px;background-color:#cecece;border-color:#cecece;border-radius:4px;\" data-placement=\"top\" data-title=\"X\" data-toggle=\"tooltip\" title=\"X\" aria-label=\"twitter\" target=\"_blank\" rel=\"noopener noreferrer\" href=\"#\"><\/a><a class=\"fusion-social-network-icon fusion-tooltip fusion-facebook awb-icon-facebook\" style=\"color:#ffffff;font-size:14px;width:14px;background-color:#cecece;border-color:#cecece;border-radius:4px;\" data-placement=\"top\" data-title=\"Facebook\" data-toggle=\"tooltip\" title=\"Facebook\" aria-label=\"facebook\" target=\"_blank\" rel=\"noopener noreferrer\" href=\"#\"><\/a><a class=\"fusion-social-network-icon fusion-tooltip fusion-mail awb-icon-mail\" style=\"color:#ffffff;font-size:14px;width:14px;background-color:#cecece;border-color:#cecece;border-radius:4px;\" data-placement=\"top\" data-title=\"Email\" data-toggle=\"tooltip\" title=\"Email\" aria-label=\"mail\" target=\"_blank\" rel=\"noopener noreferrer\" href=\"mailto:&#105;nf&#111;&#064;t&#114;a&#100;el&#101;x&#046;c&#111;m\"><\/a><\/div><\/div><\/div><div class=\"fusion-clearfix\"><\/div><\/div><\/div><div class=\"fusion-layout-column fusion_builder_column fusion-builder-column-3 fusion_builder_column_2_3 2_3 fusion-two-third fusion-column-last\" style=\"--awb-bg-size:cover;width:65.3333%;\"><div class=\"fusion-column-wrapper fusion-flex-column-wrapper-legacy\">\n<div class=\"wpcf7 no-js\" id=\"wpcf7-f10-o1\" lang=\"es-ES\" dir=\"ltr\" data-wpcf7-id=\"10\">\n<div class=\"screen-reader-response\"><p role=\"status\" aria-live=\"polite\" aria-atomic=\"true\"><\/p> <ul><\/ul><\/div>\n<form action=\"\/en\/wp-json\/wp\/v2\/pages\/3325#wpcf7-f10-o1\" method=\"post\" class=\"wpcf7-form init\" aria-label=\"Formulario de contacto\" novalidate=\"novalidate\" data-status=\"init\">\n<fieldset class=\"hidden-fields-container\"><input type=\"hidden\" name=\"_wpcf7\" value=\"10\" \/><input type=\"hidden\" name=\"_wpcf7_version\" value=\"6.1.5\" \/><input type=\"hidden\" name=\"_wpcf7_locale\" value=\"es_ES\" \/><input type=\"hidden\" name=\"_wpcf7_unit_tag\" value=\"wpcf7-f10-o1\" \/><input type=\"hidden\" name=\"_wpcf7_container_post\" value=\"0\" \/><input type=\"hidden\" name=\"_wpcf7_posted_data_hash\" value=\"\" \/><input type=\"hidden\" name=\"_wpcf7_recaptcha_response\" value=\"\" \/>\n<\/fieldset>\n<p><label> Tu nombre (requerido)<br \/>\n<span class=\"wpcf7-form-control-wrap\" data-name=\"your-name\"><input size=\"40\" maxlength=\"400\" class=\"wpcf7-form-control wpcf7-text wpcf7-validates-as-required\" aria-required=\"true\" aria-invalid=\"false\" value=\"\" type=\"text\" name=\"your-name\" \/><\/span> <\/label>\n<\/p>\n<p><label> Tu correo electr\u00f3nico (requerido)<br \/>\n<span class=\"wpcf7-form-control-wrap\" data-name=\"your-email\"><input size=\"40\" maxlength=\"400\" class=\"wpcf7-form-control wpcf7-email wpcf7-validates-as-required wpcf7-text wpcf7-validates-as-email\" aria-required=\"true\" aria-invalid=\"false\" value=\"\" type=\"email\" name=\"your-email\" \/><\/span> <\/label>\n<\/p>\n<p><label> Asunto<br \/>\n<span class=\"wpcf7-form-control-wrap\" data-name=\"your-subject\"><input size=\"40\" maxlength=\"400\" class=\"wpcf7-form-control wpcf7-text\" aria-invalid=\"false\" value=\"\" type=\"text\" name=\"your-subject\" \/><\/span> <\/label>\n<\/p>\n<p><label> Tu mensaje<br \/>\n<span class=\"wpcf7-form-control-wrap\" data-name=\"your-message\"><textarea cols=\"40\" rows=\"10\" maxlength=\"2000\" class=\"wpcf7-form-control wpcf7-textarea\" aria-invalid=\"false\" name=\"your-message\"><\/textarea><\/span> <\/label>\n<\/p>\n<p><input class=\"wpcf7-form-control wpcf7-submit has-spinner\" type=\"submit\" value=\"Enviar\" \/>\n<\/p><p style=\"display: none !important;\" class=\"akismet-fields-container\" data-prefix=\"_wpcf7_ak_\"><label>&#916;<textarea name=\"_wpcf7_ak_hp_textarea\" cols=\"45\" rows=\"8\" maxlength=\"100\"><\/textarea><\/label><input type=\"hidden\" id=\"ak_js_1\" name=\"_wpcf7_ak_js\" value=\"56\"\/><script>document.getElementById( \"ak_js_1\" ).setAttribute( \"value\", ( new Date() ).getTime() );<\/script><\/p><div class=\"wpcf7-response-output\" aria-hidden=\"true\"><\/div>\n<\/form>\n<\/div>\n<div class=\"fusion-clearfix\"><\/div><\/div><\/div><\/div><\/div><\/p>\n","protected":false},"excerpt":{"rendered":"","protected":false},"author":1,"featured_media":0,"parent":0,"menu_order":0,"comment_status":"closed","ping_status":"open","template":"100-width.php","meta":{"footnotes":""},"class_list":["post-3325","page","type-page","status-publish","hentry"],"yoast_head":"<!-- This site is optimized with the Yoast SEO Premium plugin v27.3 (Yoast SEO v27.3) - https:\/\/yoast.com\/product\/yoast-seo-premium-wordpress\/ -->\n<title>Contact us - Abogados de extranjer\u00eda en Bilbao, nacionalidad y derecho internacional en Bilbao, Immigration and international business lawyers in Spain<\/title>\n<meta name=\"description\" content=\"Contact with lawyers specializing in immigration law, nationality, international mobility and private international law in Spain\" \/>\n<meta name=\"robots\" content=\"index, follow, max-snippet:-1, max-image-preview:large, max-video-preview:-1\" \/>\n<link rel=\"canonical\" href=\"https:\/\/tradelex.com\/en\/contact-us\/\" \/>\n<meta property=\"og:locale\" content=\"en_US\" \/>\n<meta property=\"og:type\" content=\"article\" \/>\n<meta property=\"og:title\" content=\"Contact us\" \/>\n<meta property=\"og:url\" content=\"https:\/\/tradelex.com\/en\/contact-us\/\" \/>\n<meta property=\"og:site_name\" content=\"Abogados de extranjer\u00eda en Bilbao, nacionalidad y derecho internacional en Bilbao, Immigration and international business lawyers in Spain\" \/>\n<meta property=\"article:modified_time\" content=\"2026-03-30T11:26:32+00:00\" \/>\n<meta name=\"twitter:card\" content=\"summary_large_image\" \/>\n<meta name=\"twitter:site\" content=\"@tradelex\" \/>\n<script type=\"application\/ld+json\" class=\"yoast-schema-graph\">{\"@context\":\"https:\\\/\\\/schema.org\",\"@graph\":[{\"@type\":\"WebPage\",\"@id\":\"https:\\\/\\\/tradelex.com\\\/en\\\/contact-us\\\/\",\"url\":\"https:\\\/\\\/tradelex.com\\\/en\\\/contact-us\\\/\",\"name\":\"Contact us - Abogados de extranjer\u00eda en Bilbao, nacionalidad y derecho internacional en Bilbao, Immigration and international business lawyers in Spain\",\"isPartOf\":{\"@id\":\"https:\\\/\\\/tradelex.com\\\/en\\\/#website\"},\"datePublished\":\"2015-07-01T17:50:39+00:00\",\"dateModified\":\"2026-03-30T11:26:32+00:00\",\"description\":\"Contact with lawyers specializing in immigration law, nationality, international mobility and private international law in Spain\",\"breadcrumb\":{\"@id\":\"https:\\\/\\\/tradelex.com\\\/en\\\/contact-us\\\/#breadcrumb\"},\"inLanguage\":\"en-US\",\"potentialAction\":[{\"@type\":\"ReadAction\",\"target\":[\"https:\\\/\\\/tradelex.com\\\/en\\\/contact-us\\\/\"]}]},{\"@type\":\"BreadcrumbList\",\"@id\":\"https:\\\/\\\/tradelex.com\\\/en\\\/contact-us\\\/#breadcrumb\",\"itemListElement\":[{\"@type\":\"ListItem\",\"position\":1,\"name\":\"Portada\",\"item\":\"https:\\\/\\\/tradelex.com\\\/en\\\/home\\\/\"},{\"@type\":\"ListItem\",\"position\":2,\"name\":\"Contact us\"}]},{\"@type\":\"WebSite\",\"@id\":\"https:\\\/\\\/tradelex.com\\\/en\\\/#website\",\"url\":\"https:\\\/\\\/tradelex.com\\\/en\\\/\",\"name\":\"Tradelex Abogados - Especialistas en Extranjer\u00eda, nacionalidad e Internacional privado en Bilbao Bizkaia, immigration and international business lawyers in Bilbao Spain\",\"description\":\"Abogados especialistas en derecho de extranjer\u00eda e inmigraci\u00f3n, nacionalidad e internacional privado en Bilbao, Bizkaia, Pa\u00eds Vasco, Basque Country Spain\",\"publisher\":{\"@id\":\"https:\\\/\\\/tradelex.com\\\/en\\\/#organization\"},\"alternateName\":\"Tradelex Abogados de extranjer\u00eda\",\"potentialAction\":[{\"@type\":\"SearchAction\",\"target\":{\"@type\":\"EntryPoint\",\"urlTemplate\":\"https:\\\/\\\/tradelex.com\\\/en\\\/?s={search_term_string}\"},\"query-input\":{\"@type\":\"PropertyValueSpecification\",\"valueRequired\":true,\"valueName\":\"search_term_string\"}}],\"inLanguage\":\"en-US\"},{\"@type\":\"Organization\",\"@id\":\"https:\\\/\\\/tradelex.com\\\/en\\\/#organization\",\"name\":\"Tradelex Abogados\",\"url\":\"https:\\\/\\\/tradelex.com\\\/en\\\/\",\"logo\":{\"@type\":\"ImageObject\",\"inLanguage\":\"en-US\",\"@id\":\"https:\\\/\\\/tradelex.com\\\/en\\\/#\\\/schema\\\/logo\\\/image\\\/\",\"url\":\"https:\\\/\\\/tradelex.com\\\/wp-content\\\/uploads\\\/2018\\\/12\\\/dark_logo_white_background_reducido-web.jpg\",\"contentUrl\":\"https:\\\/\\\/tradelex.com\\\/wp-content\\\/uploads\\\/2018\\\/12\\\/dark_logo_white_background_reducido-web.jpg\",\"width\":261,\"height\":80,\"caption\":\"Tradelex Abogados\"},\"image\":{\"@id\":\"https:\\\/\\\/tradelex.com\\\/en\\\/#\\\/schema\\\/logo\\\/image\\\/\"},\"sameAs\":[\"https:\\\/\\\/x.com\\\/tradelex\",\"https:\\\/\\\/www.linkedin.com\\\/in\\\/brunomanzanares\\\/\"]}]}<\/script>\n<!-- \/ Yoast SEO Premium plugin. -->","yoast_head_json":{"title":"Contact us - Abogados de extranjer\u00eda en Bilbao, nacionalidad y derecho internacional en Bilbao, Immigration and international business lawyers in Spain","description":"Contact with lawyers specializing in immigration law, nationality, international mobility and private international law in Spain","robots":{"index":"index","follow":"follow","max-snippet":"max-snippet:-1","max-image-preview":"max-image-preview:large","max-video-preview":"max-video-preview:-1"},"canonical":"https:\/\/tradelex.com\/en\/contact-us\/","og_locale":"en_US","og_type":"article","og_title":"Contact us","og_url":"https:\/\/tradelex.com\/en\/contact-us\/","og_site_name":"Abogados de extranjer\u00eda en Bilbao, nacionalidad y derecho internacional en Bilbao, Immigration and international business lawyers in Spain","article_modified_time":"2026-03-30T11:26:32+00:00","twitter_card":"summary_large_image","twitter_site":"@tradelex","schema":{"@context":"https:\/\/schema.org","@graph":[{"@type":"WebPage","@id":"https:\/\/tradelex.com\/en\/contact-us\/","url":"https:\/\/tradelex.com\/en\/contact-us\/","name":"Contact us - Abogados de extranjer\u00eda en Bilbao, nacionalidad y derecho internacional en Bilbao, Immigration and international business lawyers in Spain","isPartOf":{"@id":"https:\/\/tradelex.com\/en\/#website"},"datePublished":"2015-07-01T17:50:39+00:00","dateModified":"2026-03-30T11:26:32+00:00","description":"Contact with lawyers specializing in immigration law, nationality, international mobility and private international law in Spain","breadcrumb":{"@id":"https:\/\/tradelex.com\/en\/contact-us\/#breadcrumb"},"inLanguage":"en-US","potentialAction":[{"@type":"ReadAction","target":["https:\/\/tradelex.com\/en\/contact-us\/"]}]},{"@type":"BreadcrumbList","@id":"https:\/\/tradelex.com\/en\/contact-us\/#breadcrumb","itemListElement":[{"@type":"ListItem","position":1,"name":"Portada","item":"https:\/\/tradelex.com\/en\/home\/"},{"@type":"ListItem","position":2,"name":"Contact us"}]},{"@type":"WebSite","@id":"https:\/\/tradelex.com\/en\/#website","url":"https:\/\/tradelex.com\/en\/","name":"Tradelex Abogados - Especialistas en Extranjer\u00eda, nacionalidad e Internacional privado en Bilbao Bizkaia, immigration and international business lawyers in Bilbao Spain","description":"Abogados especialistas en derecho de extranjer\u00eda e inmigraci\u00f3n, nacionalidad e internacional privado en Bilbao, Bizkaia, Pa\u00eds Vasco, Basque Country Spain","publisher":{"@id":"https:\/\/tradelex.com\/en\/#organization"},"alternateName":"Tradelex Abogados de extranjer\u00eda","potentialAction":[{"@type":"SearchAction","target":{"@type":"EntryPoint","urlTemplate":"https:\/\/tradelex.com\/en\/?s={search_term_string}"},"query-input":{"@type":"PropertyValueSpecification","valueRequired":true,"valueName":"search_term_string"}}],"inLanguage":"en-US"},{"@type":"Organization","@id":"https:\/\/tradelex.com\/en\/#organization","name":"Tradelex Abogados","url":"https:\/\/tradelex.com\/en\/","logo":{"@type":"ImageObject","inLanguage":"en-US","@id":"https:\/\/tradelex.com\/en\/#\/schema\/logo\/image\/","url":"https:\/\/tradelex.com\/wp-content\/uploads\/2018\/12\/dark_logo_white_background_reducido-web.jpg","contentUrl":"https:\/\/tradelex.com\/wp-content\/uploads\/2018\/12\/dark_logo_white_background_reducido-web.jpg","width":261,"height":80,"caption":"Tradelex Abogados"},"image":{"@id":"https:\/\/tradelex.com\/en\/#\/schema\/logo\/image\/"},"sameAs":["https:\/\/x.com\/tradelex","https:\/\/www.linkedin.com\/in\/brunomanzanares\/"]}]}},"_links":{"self":[{"href":"https:\/\/tradelex.com\/en\/wp-json\/wp\/v2\/pages\/3325","targetHints":{"allow":["GET"]}}],"collection":[{"href":"https:\/\/tradelex.com\/en\/wp-json\/wp\/v2\/pages"}],"about":[{"href":"https:\/\/tradelex.com\/en\/wp-json\/wp\/v2\/types\/page"}],"author":[{"embeddable":true,"href":"https:\/\/tradelex.com\/en\/wp-json\/wp\/v2\/users\/1"}],"replies":[{"embeddable":true,"href":"https:\/\/tradelex.com\/en\/wp-json\/wp\/v2\/comments?post=3325"}],"version-history":[{"count":0,"href":"https:\/\/tradelex.com\/en\/wp-json\/wp\/v2\/pages\/3325\/revisions"}],"wp:attachment":[{"href":"https:\/\/tradelex.com\/en\/wp-json\/wp\/v2\/media?parent=3325"}],"curies":[{"name":"wp","href":"https:\/\/api.w.org\/{rel}","templated":true}]}}