{"id":3293,"date":"2015-02-20T20:12:13","date_gmt":"2015-02-20T19:12:13","guid":{"rendered":"https:\/\/tradelex.com\/about-us\/"},"modified":"2024-07-09T14:04:38","modified_gmt":"2024-07-09T12:04:38","slug":"about-us","status":"publish","type":"page","link":"https:\/\/tradelex.com\/en\/about-us\/","title":{"rendered":"About us"},"content":{"rendered":"<div class=\"fusion-fullwidth fullwidth-box fusion-builder-row-1 nonhundred-percent-fullwidth non-hundred-percent-height-scrolling\" style=\"--awb-background-position:left top;--awb-border-sizes-top:0px;--awb-border-sizes-bottom:0px;--awb-border-sizes-left:0px;--awb-border-sizes-right:0px;--awb-border-radius-top-left:0px;--awb-border-radius-top-right:0px;--awb-border-radius-bottom-right:0px;--awb-border-radius-bottom-left:0px;--awb-padding-top:110px;--awb-padding-bottom:0px;--awb-flex-wrap:wrap;\" ><div class=\"fusion-builder-row fusion-row\"><div class=\"fusion-layout-column fusion_builder_column fusion-builder-column-0 fusion_builder_column_1_1 1_1 fusion-one-full fusion-column-first fusion-column-last fusion-column-no-min-height\" style=\"--awb-bg-size:cover;--awb-margin-bottom:0px;\"><div class=\"fusion-column-wrapper fusion-flex-column-wrapper-legacy\"><div class=\"fusion-sep-clear\"><\/div><div class=\"fusion-separator fusion-full-width-sep\" style=\"margin-left: auto;margin-right: auto;margin-top:0px;margin-bottom:0px;width:100%;\"><div class=\"fusion-separator-border sep-single sep-solid\" style=\"--awb-height:20px;--awb-amount:20px;--awb-sep-color:#cc0600;border-color:#cc0600;border-top-width:5px;\"><\/div><\/div><div class=\"fusion-sep-clear\"><\/div>\t\t\t\t\t<div class=\"fusion-slider-container fusion-slider-sc-about-us fusion-slider-134 full-width-slider\" style=\"height:400px; max-width:100%;\" data-id=\"134\" data-full_height=\"\">\n\t\t\t\t\t\t<style type=\"text\/css\">.fusion-slider-134 .flex-direction-nav a {width:63px;height:63px;line-height:63px;font-size:25px;}<\/style>\t\t\t\t\t\t<div class=\"fusion-slider-loading\">Loading...<\/div>\n\t\t\t\t\t\t<div class=\"tfs-slider flexslider main-flex full-width-slider\" data-slider_width=\"100%\" data-slider_height=\"400px\" data-full_screen=\"0\" data-parallax=\"0\" data-nav_arrows=\"0\" data-pagination_circles=\"0\" data-autoplay=\"0\" data-loop=\"0\" data-animation=\"fade\" data-slideshow_speed=\"7000\" data-animation_speed=\"600\" data-nav_box_width=\"63px\" data-nav_box_height=\"63px\" data-nav_arrow_size=\"25px\" data-typo_sensitivity=\"1\" data-typo_factor=\"1.5\" style=\"max-width:100%;\">\n\t\t\t\t\t\t\t<ul class=\"slides\">\n\t\t\t\t\t\t\t\t\t\t\t\t\t\t\t\t\t<li data-mute=\"yes\" data-loop=\"yes\" data-autoplay=\"yes\">\n\t\t\t\t\t\t\t\t\t\t<div class=\"slide-content-container slide-content-center\" style=\"display: none;\">\n\t\t\t\t\t\t\t\t\t\t\t<div class=\"slide-content\" style=\"\">\n\t\t\t\t\t\t\t\t\t\t\t\t\t\t\t\t\t\t\t\t\t\t\t\t\t<div class=\"heading \">\n\t\t\t\t\t\t\t\t\t\t\t\t\t\t<div class=\"fusion-title-sc-wrapper\" style=\"\">\n\t\t\t\t\t\t\t\t\t\t\t\t\t\t\t<div class=\"fusion-title title fusion-title-1 fusion-sep-none fusion-title-center fusion-title-text fusion-title-size-two\" style=\"--awb-text-color:#ffffff;--awb-margin-top-small:0px;--awb-margin-right-small:0px;--awb-margin-bottom-small:20px;--awb-margin-left-small:0px;--awb-sep-color:#ffffff;--awb-font-size:36px;\"><h2 class=\"fusion-title-heading title-heading-center\" style=\"margin:0;font-size:1em;line-height:43.2px;\">ABOUT US\r\n<div class=\"fusion-sep-clear\"><\/div><div class=\"fusion-separator\" style=\"margin-left: auto;margin-right: auto;margin-top:20px;margin-bottom:10px;width:100%;max-width:170px;\"><div class=\"fusion-separator-border sep-single sep-solid\" style=\"--awb-height:20px;--awb-amount:20px;--awb-sep-color:rgba(255,255,255,.3);border-color:rgba(255,255,255,.3);border-top-width:1px;\"><\/div><\/div><div class=\"fusion-sep-clear\"><\/div><\/h2><\/div>\t\t\t\t\t\t\t\t\t\t\t\t\t\t<\/div>\n\t\t\t\t\t\t\t\t\t\t\t\t\t<\/div>\n\t\t\t\t\t\t\t\t\t\t\t\t\t\t\t\t\t\t\t\t\t\t\t\t\t\t\t\t\t\t\t\t\t\t\t\t\t<div class=\"caption \">\n\t\t\t\t\t\t\t\t\t\t\t\t\t\t<div class=\"fusion-title-sc-wrapper\" style=\"\">\n\t\t\t\t\t\t\t\t\t\t\t\t\t\t\t<div class=\"fusion-title title fusion-title-2 fusion-sep-none fusion-title-center fusion-title-text fusion-title-size-three\" style=\"--awb-text-color:#ffffff;--awb-margin-top-small:0px;--awb-margin-right-small:0px;--awb-margin-bottom-small:20px;--awb-margin-left-small:0px;--awb-sep-color:#ffffff;--awb-font-size:18px;\"><h3 class=\"fusion-title-heading title-heading-center\" style=\"margin:0;font-size:1em;line-height:21.6px;\"><span style=\"font-weight: 400;\"><\/span><\/h3><\/div>\t\t\t\t\t\t\t\t\t\t\t\t\t\t<\/div>\n\t\t\t\t\t\t\t\t\t\t\t\t\t<\/div>\n\t\t\t\t\t\t\t\t\t\t\t\t\t\t\t\t\t\t\t\t\t\t\t\t\t\t\t\t\t\t\t\t\t\t\t\t\t<div class=\"buttons\" >\n\t\t\t\t\t\t\t\t\t\t\t\t\t\t\t\t\t\t\t\t\t\t\t\t\t\t\t\t\t\t\t\t\t\t\t\t\t\t\t\t\t<\/div>\n\t\t\t\t\t\t\t\t\t\t\t\t\t\t\t\t\t\t\t\t\t\t\t<\/div>\n\t\t\t\t\t\t\t\t\t\t<\/div>\n\t\t\t\t\t\t\t\t\t\t\t\t\t\t\t\t\t\t\t\t\t\t\t\t\t\t\t\t\t\t\t\t\t\t\t\t\t\t\t\t<div class=\"background background-image\" style=\"background-image: url(https:\/\/tradelex.com\/wp-content\/uploads\/2018\/12\/504.jpg);max-width:100%;height:400px;filter: progid:DXImageTransform.Microsoft.AlphaImageLoader(src='https:\/\/tradelex.com\/wp-content\/uploads\/2018\/12\/504.jpg', sizingMethod='scale');\" data-imgwidth=\"1950\">\n\t\t\t\t\t\t\t\t\t\t\t\t\t\t\t\t\t\t\t\t\t\t\t\t\t\t\t\t\t\t\t\t\t\t\t\t\t\t\t\t\t\t\t\t\t\t\t\t\t\t\t\t\t\t\t\t\t\t\t\t\t\t\t\t\t\t<\/div>\n\t\t\t\t\t\t\t\t\t<\/li>\n\t\t\t\t\t\t\t\t\t\t\t\t\t\t\t\t\t\t\t\t\t\t\t<\/ul>\n\t\t\t\t\t\t<\/div>\n\t\t\t\t\t<\/div>\n\t\t\t\t\t\t\t\t<div class=\"fusion-clearfix\"><\/div><\/div><\/div><div class=\"fusion-layout-column fusion_builder_column fusion-builder-column-1 fusion_builder_column_1_1 1_1 fusion-one-full fusion-column-first fusion-column-last green-border rounded-border\" style=\"--awb-padding-top:60px;--awb-padding-right:60px;--awb-padding-bottom:50px;--awb-padding-left:60px;--awb-bg-color:#ffffff;--awb-bg-color-hover:#ffffff;--awb-bg-size:cover;--awb-border-color:#e2e2e2;--awb-border-top:1px;--awb-border-right:1px;--awb-border-bottom:1px;--awb-border-left:1px;--awb-border-style:solid;\"><div class=\"fusion-column-wrapper fusion-flex-column-wrapper-legacy\"><div class=\"fusion-text fusion-text-1\"><h3><strong>Our Firm<\/strong><\/h3>\n<p>With more than 15 years of experience in the field of international law, our office offers specialized legal advice in the field of immigration law, business immigration, nationality and private international law.<\/p>\n<p>What makes us different? We are specialists. As specialists in this field, we can provide quality services, tailored to the particular needs of each situation.<\/p>\n<p>Our knowledge of the extensive regulations related to immigration law and international commercial law, both at national, European and international levels, allows us to provide our clients with strategic advice and effective solutions to specific problems.<\/p>\n<p>Our practice is rooted in an appreciation of legal differences in foreign jurisdictions, sensitivity to cultural and communication differences, and awareness of changes in the family, work, and business environment.<\/p>\n<\/div><div class=\"fusion-clearfix\"><\/div><\/div><\/div><div class=\"fusion-layout-column fusion_builder_column fusion-builder-column-2 fusion_builder_column_1_1 1_1 fusion-one-full fusion-column-first fusion-column-last\" style=\"--awb-padding-top:20px;--awb-padding-right:20px;--awb-padding-bottom:20px;--awb-padding-left:20px;--awb-bg-color:#ffffff;--awb-bg-color-hover:#ffffff;--awb-bg-size:cover;--awb-border-color:#e2e2e2;--awb-border-top:1px;--awb-border-right:1px;--awb-border-bottom:1px;--awb-border-left:1px;--awb-border-style:solid;--awb-margin-bottom:40px;\"><div class=\"fusion-column-wrapper fusion-flex-column-wrapper-legacy\"><div class=\"fusion-image-element in-legacy-container\" style=\"--awb-caption-title-font-family:var(--h2_typography-font-family);--awb-caption-title-font-weight:var(--h2_typography-font-weight);--awb-caption-title-font-style:var(--h2_typography-font-style);--awb-caption-title-size:var(--h2_typography-font-size);--awb-caption-title-transform:var(--h2_typography-text-transform);--awb-caption-title-line-height:var(--h2_typography-line-height);--awb-caption-title-letter-spacing:var(--h2_typography-letter-spacing);\"><span class=\" fusion-imageframe imageframe-none imageframe-1 hover-type-zoomin\"><img decoding=\"async\" width=\"300\" height=\"260\" title=\"PERFIL BRUNO\" src=\"https:\/\/tradelex.com\/wp-content\/uploads\/2019\/01\/PERFIL-BRUNO.png\" data-orig-src=\"https:\/\/tradelex.com\/wp-content\/uploads\/2019\/01\/PERFIL-BRUNO-300x260.png\" alt class=\"lazyload img-responsive wp-image-2907\" srcset=\"data:image\/svg+xml,%3Csvg%20xmlns%3D%27http%3A%2F%2Fwww.w3.org%2F2000%2Fsvg%27%20width%3D%27521%27%20height%3D%27452%27%20viewBox%3D%270%200%20521%20452%27%3E%3Crect%20width%3D%27521%27%20height%3D%27452%27%20fill-opacity%3D%220%22%2F%3E%3C%2Fsvg%3E\" data-srcset=\"https:\/\/tradelex.com\/wp-content\/uploads\/2019\/01\/PERFIL-BRUNO-200x174.png 200w, https:\/\/tradelex.com\/wp-content\/uploads\/2019\/01\/PERFIL-BRUNO-400x347.png 400w, https:\/\/tradelex.com\/wp-content\/uploads\/2019\/01\/PERFIL-BRUNO.png 521w\" data-sizes=\"auto\" data-orig-sizes=\"(max-width: 850px) 100vw, 300px\" \/><\/span><\/div><div class=\"fusion-text fusion-text-2\"><h3>Bruno Manzanares, LL.M.<\/h3>\n<\/div><div class=\"fusion-sep-clear\"><\/div><div class=\"fusion-separator fusion-full-width-sep\" style=\"margin-left: auto;margin-right: auto;margin-top:-30px;width:100%;\"><\/div><div class=\"fusion-sep-clear\"><\/div><div class=\"fusion-text fusion-text-3\" style=\"--awb-text-transform:none;\"><p><strong><span style=\"color: #003366;\">ABOGADO &#8211; FOUNDER<\/span><\/strong><\/p>\n<p>Bruno Manzanares has a Law Degree from the University of Deusto (Bilbao) being a licensed lawyer from the Bilbao-Biscay Bar Association (n\u00ba 6791). LL.M in international business law from the University of Hull (England) and Master in legal practice and procedure from the University of Deusto and the Bilbao-Bizkaia Bar Association.<\/p>\n<ul>\n<li>Managing Director and lawyer of the Spanish Machine Tools Importers Association- AIMHE (2011-2022)<\/li>\n<li>Member of the Bilbao-Bizkaia Bar Association\u00b4s legal aid service in immigration law.<\/li>\n<\/ul>\n<p>He has more than 15 years of experience in the field of immigration law and private international law.<\/p>\n<p><strong>Languages:<\/strong> Spanish, English and Basque<\/p>\n<\/div><div class=\"fusion-social-links fusion-social-links-1\" style=\"--awb-margin-top:0px;--awb-margin-right:0px;--awb-margin-bottom:0px;--awb-margin-left:0px;--awb-box-border-top:0px;--awb-box-border-right:0px;--awb-box-border-bottom:0px;--awb-box-border-left:0px;--awb-icon-colors-hover:rgba(255,255,255,0.8);--awb-box-colors-hover:rgba(206,206,206,0.8);--awb-box-border-color:var(--awb-color3);--awb-box-border-color-hover:var(--awb-color4);\"><div class=\"fusion-social-networks boxed-icons color-type-custom\"><div class=\"fusion-social-networks-wrapper\"><a class=\"fusion-social-network-icon fusion-tooltip fusion-twitter awb-icon-twitter\" style=\"color:#ffffff;font-size:14px;width:14px;background-color:#cecece;border-color:#cecece;border-radius:4px;\" data-placement=\"top\" data-title=\"X\" data-toggle=\"tooltip\" title=\"X\" aria-label=\"twitter\" target=\"_blank\" rel=\"noopener noreferrer\" href=\"#\"><\/a><a class=\"fusion-social-network-icon fusion-tooltip fusion-linkedin awb-icon-linkedin\" style=\"color:#ffffff;font-size:14px;width:14px;background-color:#cecece;border-color:#cecece;border-radius:4px;\" data-placement=\"top\" data-title=\"LinkedIn\" data-toggle=\"tooltip\" title=\"LinkedIn\" aria-label=\"linkedin\" target=\"_blank\" rel=\"noopener noreferrer\" href=\"#\"><\/a><a class=\"fusion-social-network-icon fusion-tooltip fusion-mail awb-icon-mail\" style=\"color:#ffffff;font-size:14px;width:14px;background-color:#cecece;border-color:#cecece;border-radius:4px;\" data-placement=\"top\" data-title=\"Email\" data-toggle=\"tooltip\" title=\"Email\" aria-label=\"mail\" target=\"_blank\" rel=\"noopener noreferrer\" href=\"mailto:&#035;\"><\/a><\/div><\/div><\/div><div class=\"fusion-clearfix\"><\/div><\/div><\/div><\/div><\/div>\n","protected":false},"excerpt":{"rendered":"","protected":false},"author":1,"featured_media":0,"parent":0,"menu_order":0,"comment_status":"open","ping_status":"open","template":"100-width.php","meta":{"footnotes":""},"class_list":["post-3293","page","type-page","status-publish","hentry"],"yoast_head":"<!-- This site is optimized with the Yoast SEO Premium plugin v27.3 (Yoast SEO v27.3) - https:\/\/yoast.com\/product\/yoast-seo-premium-wordpress\/ -->\n<title>About us - Abogados de extranjer\u00eda en Bilbao, nacionalidad y derecho internacional en Bilbao, Immigration and international business lawyers in Spain<\/title>\n<meta name=\"robots\" content=\"index, follow, max-snippet:-1, max-image-preview:large, max-video-preview:-1\" \/>\n<link rel=\"canonical\" href=\"https:\/\/tradelex.com\/en\/about-us\/\" \/>\n<meta property=\"og:locale\" content=\"en_US\" \/>\n<meta property=\"og:type\" content=\"article\" \/>\n<meta property=\"og:title\" content=\"About us\" \/>\n<meta property=\"og:url\" content=\"https:\/\/tradelex.com\/en\/about-us\/\" \/>\n<meta property=\"og:site_name\" content=\"Abogados de extranjer\u00eda en Bilbao, nacionalidad y derecho internacional en Bilbao, Immigration and international business lawyers in Spain\" \/>\n<meta property=\"article:modified_time\" content=\"2024-07-09T12:04:38+00:00\" \/>\n<meta name=\"twitter:card\" content=\"summary_large_image\" \/>\n<meta name=\"twitter:site\" content=\"@tradelex\" \/>\n<script type=\"application\/ld+json\" class=\"yoast-schema-graph\">{\"@context\":\"https:\\\/\\\/schema.org\",\"@graph\":[{\"@type\":\"WebPage\",\"@id\":\"https:\\\/\\\/tradelex.com\\\/en\\\/about-us\\\/\",\"url\":\"https:\\\/\\\/tradelex.com\\\/en\\\/about-us\\\/\",\"name\":\"About us - Abogados de extranjer\u00eda en Bilbao, nacionalidad y derecho internacional en Bilbao, Immigration and international business lawyers in Spain\",\"isPartOf\":{\"@id\":\"https:\\\/\\\/tradelex.com\\\/en\\\/#website\"},\"datePublished\":\"2015-02-20T19:12:13+00:00\",\"dateModified\":\"2024-07-09T12:04:38+00:00\",\"breadcrumb\":{\"@id\":\"https:\\\/\\\/tradelex.com\\\/en\\\/about-us\\\/#breadcrumb\"},\"inLanguage\":\"en-US\",\"potentialAction\":[{\"@type\":\"ReadAction\",\"target\":[\"https:\\\/\\\/tradelex.com\\\/en\\\/about-us\\\/\"]}]},{\"@type\":\"BreadcrumbList\",\"@id\":\"https:\\\/\\\/tradelex.com\\\/en\\\/about-us\\\/#breadcrumb\",\"itemListElement\":[{\"@type\":\"ListItem\",\"position\":1,\"name\":\"Portada\",\"item\":\"https:\\\/\\\/tradelex.com\\\/en\\\/home\\\/\"},{\"@type\":\"ListItem\",\"position\":2,\"name\":\"About us\"}]},{\"@type\":\"WebSite\",\"@id\":\"https:\\\/\\\/tradelex.com\\\/en\\\/#website\",\"url\":\"https:\\\/\\\/tradelex.com\\\/en\\\/\",\"name\":\"Tradelex Abogados - Especialistas en Extranjer\u00eda, nacionalidad e Internacional privado en Bilbao Bizkaia, immigration and international business lawyers in Bilbao Spain\",\"description\":\"Abogados especialistas en derecho de extranjer\u00eda e inmigraci\u00f3n, nacionalidad e internacional privado en Bilbao, Bizkaia, Pa\u00eds Vasco, Basque Country Spain\",\"publisher\":{\"@id\":\"https:\\\/\\\/tradelex.com\\\/en\\\/#organization\"},\"alternateName\":\"Tradelex Abogados de extranjer\u00eda\",\"potentialAction\":[{\"@type\":\"SearchAction\",\"target\":{\"@type\":\"EntryPoint\",\"urlTemplate\":\"https:\\\/\\\/tradelex.com\\\/en\\\/?s={search_term_string}\"},\"query-input\":{\"@type\":\"PropertyValueSpecification\",\"valueRequired\":true,\"valueName\":\"search_term_string\"}}],\"inLanguage\":\"en-US\"},{\"@type\":\"Organization\",\"@id\":\"https:\\\/\\\/tradelex.com\\\/en\\\/#organization\",\"name\":\"Tradelex Abogados\",\"url\":\"https:\\\/\\\/tradelex.com\\\/en\\\/\",\"logo\":{\"@type\":\"ImageObject\",\"inLanguage\":\"en-US\",\"@id\":\"https:\\\/\\\/tradelex.com\\\/en\\\/#\\\/schema\\\/logo\\\/image\\\/\",\"url\":\"https:\\\/\\\/tradelex.com\\\/wp-content\\\/uploads\\\/2018\\\/12\\\/dark_logo_white_background_reducido-web.jpg\",\"contentUrl\":\"https:\\\/\\\/tradelex.com\\\/wp-content\\\/uploads\\\/2018\\\/12\\\/dark_logo_white_background_reducido-web.jpg\",\"width\":261,\"height\":80,\"caption\":\"Tradelex Abogados\"},\"image\":{\"@id\":\"https:\\\/\\\/tradelex.com\\\/en\\\/#\\\/schema\\\/logo\\\/image\\\/\"},\"sameAs\":[\"https:\\\/\\\/x.com\\\/tradelex\",\"https:\\\/\\\/www.linkedin.com\\\/in\\\/brunomanzanares\\\/\"]}]}<\/script>\n<!-- \/ Yoast SEO Premium plugin. -->","yoast_head_json":{"title":"About us - Abogados de extranjer\u00eda en Bilbao, nacionalidad y derecho internacional en Bilbao, Immigration and international business lawyers in Spain","robots":{"index":"index","follow":"follow","max-snippet":"max-snippet:-1","max-image-preview":"max-image-preview:large","max-video-preview":"max-video-preview:-1"},"canonical":"https:\/\/tradelex.com\/en\/about-us\/","og_locale":"en_US","og_type":"article","og_title":"About us","og_url":"https:\/\/tradelex.com\/en\/about-us\/","og_site_name":"Abogados de extranjer\u00eda en Bilbao, nacionalidad y derecho internacional en Bilbao, Immigration and international business lawyers in Spain","article_modified_time":"2024-07-09T12:04:38+00:00","twitter_card":"summary_large_image","twitter_site":"@tradelex","schema":{"@context":"https:\/\/schema.org","@graph":[{"@type":"WebPage","@id":"https:\/\/tradelex.com\/en\/about-us\/","url":"https:\/\/tradelex.com\/en\/about-us\/","name":"About us - Abogados de extranjer\u00eda en Bilbao, nacionalidad y derecho internacional en Bilbao, Immigration and international business lawyers in Spain","isPartOf":{"@id":"https:\/\/tradelex.com\/en\/#website"},"datePublished":"2015-02-20T19:12:13+00:00","dateModified":"2024-07-09T12:04:38+00:00","breadcrumb":{"@id":"https:\/\/tradelex.com\/en\/about-us\/#breadcrumb"},"inLanguage":"en-US","potentialAction":[{"@type":"ReadAction","target":["https:\/\/tradelex.com\/en\/about-us\/"]}]},{"@type":"BreadcrumbList","@id":"https:\/\/tradelex.com\/en\/about-us\/#breadcrumb","itemListElement":[{"@type":"ListItem","position":1,"name":"Portada","item":"https:\/\/tradelex.com\/en\/home\/"},{"@type":"ListItem","position":2,"name":"About us"}]},{"@type":"WebSite","@id":"https:\/\/tradelex.com\/en\/#website","url":"https:\/\/tradelex.com\/en\/","name":"Tradelex Abogados - Especialistas en Extranjer\u00eda, nacionalidad e Internacional privado en Bilbao Bizkaia, immigration and international business lawyers in Bilbao Spain","description":"Abogados especialistas en derecho de extranjer\u00eda e inmigraci\u00f3n, nacionalidad e internacional privado en Bilbao, Bizkaia, Pa\u00eds Vasco, Basque Country Spain","publisher":{"@id":"https:\/\/tradelex.com\/en\/#organization"},"alternateName":"Tradelex Abogados de extranjer\u00eda","potentialAction":[{"@type":"SearchAction","target":{"@type":"EntryPoint","urlTemplate":"https:\/\/tradelex.com\/en\/?s={search_term_string}"},"query-input":{"@type":"PropertyValueSpecification","valueRequired":true,"valueName":"search_term_string"}}],"inLanguage":"en-US"},{"@type":"Organization","@id":"https:\/\/tradelex.com\/en\/#organization","name":"Tradelex Abogados","url":"https:\/\/tradelex.com\/en\/","logo":{"@type":"ImageObject","inLanguage":"en-US","@id":"https:\/\/tradelex.com\/en\/#\/schema\/logo\/image\/","url":"https:\/\/tradelex.com\/wp-content\/uploads\/2018\/12\/dark_logo_white_background_reducido-web.jpg","contentUrl":"https:\/\/tradelex.com\/wp-content\/uploads\/2018\/12\/dark_logo_white_background_reducido-web.jpg","width":261,"height":80,"caption":"Tradelex Abogados"},"image":{"@id":"https:\/\/tradelex.com\/en\/#\/schema\/logo\/image\/"},"sameAs":["https:\/\/x.com\/tradelex","https:\/\/www.linkedin.com\/in\/brunomanzanares\/"]}]}},"_links":{"self":[{"href":"https:\/\/tradelex.com\/en\/wp-json\/wp\/v2\/pages\/3293","targetHints":{"allow":["GET"]}}],"collection":[{"href":"https:\/\/tradelex.com\/en\/wp-json\/wp\/v2\/pages"}],"about":[{"href":"https:\/\/tradelex.com\/en\/wp-json\/wp\/v2\/types\/page"}],"author":[{"embeddable":true,"href":"https:\/\/tradelex.com\/en\/wp-json\/wp\/v2\/users\/1"}],"replies":[{"embeddable":true,"href":"https:\/\/tradelex.com\/en\/wp-json\/wp\/v2\/comments?post=3293"}],"version-history":[{"count":0,"href":"https:\/\/tradelex.com\/en\/wp-json\/wp\/v2\/pages\/3293\/revisions"}],"wp:attachment":[{"href":"https:\/\/tradelex.com\/en\/wp-json\/wp\/v2\/media?parent=3293"}],"curies":[{"name":"wp","href":"https:\/\/api.w.org\/{rel}","templated":true}]}}